{"id":5382,"date":"2023-05-08T13:42:22","date_gmt":"2023-05-08T13:42:22","guid":{"rendered":"https:\/\/ultratraildinarides.com\/?page_id=5382"},"modified":"2024-09-10T13:39:23","modified_gmt":"2024-09-10T11:39:23","slug":"kids-race","status":"publish","type":"page","link":"https:\/\/ultratraildinarides.com\/en\/kids-race\/","title":{"rendered":"kids race"},"content":{"rendered":"<div data-elementor-type=\"wp-page\" data-elementor-id=\"5382\" class=\"elementor elementor-5382\" data-elementor-post-type=\"page\">\n\t\t\t\t\t\t<section data-particle_enable=\"false\" data-particle-mobile-disabled=\"false\" class=\"elementor-section elementor-top-section elementor-element elementor-element-8a2b9f1 elementor-section-content-middle elementor-section-boxed elementor-section-height-default elementor-section-height-default\" data-id=\"8a2b9f1\" data-element_type=\"section\" data-settings=\"{&quot;background_background&quot;:&quot;classic&quot;,&quot;shape_divider_bottom&quot;:&quot;pyramids&quot;,&quot;shape_divider_bottom_negative&quot;:&quot;yes&quot;}\">\n\t\t\t\t\t\t\t<div class=\"elementor-background-overlay\"><\/div>\n\t\t\t\t\t\t<div class=\"elementor-shape elementor-shape-bottom\" data-negative=\"true\">\n\t\t\t<svg xmlns=\"http:\/\/www.w3.org\/2000\/svg\" viewbox=\"0 0 1000 100\" preserveaspectratio=\"none\">\n\t<path class=\"elementor-shape-fill\" d=\"M761.9,40.6L643.1,24L333.9,93.8L0.1,1H0v99h1000V1\"\/>\n<\/svg>\t\t<\/div>\n\t\t\t\t\t<div class=\"elementor-container elementor-column-gap-default\">\n\t\t\t\t\t<div class=\"elementor-column elementor-col-100 elementor-top-column elementor-element elementor-element-ef189a3\" data-id=\"ef189a3\" data-element_type=\"column\">\n\t\t\t<div class=\"elementor-widget-wrap elementor-element-populated\">\n\t\t\t\t\t\t<section data-particle_enable=\"false\" data-particle-mobile-disabled=\"false\" class=\"elementor-section elementor-inner-section elementor-element elementor-element-feb59c0 elementor-section-content-middle elementor-section-full_width elementor-section-height-default elementor-section-height-default\" data-id=\"feb59c0\" data-element_type=\"section\">\n\t\t\t\t\t\t<div class=\"elementor-container elementor-column-gap-default\">\n\t\t\t\t\t<div class=\"elementor-column elementor-col-50 elementor-inner-column elementor-element elementor-element-231e625\" data-id=\"231e625\" data-element_type=\"column\">\n\t\t\t<div class=\"elementor-widget-wrap elementor-element-populated\">\n\t\t\t\t\t\t<div class=\"elementor-element elementor-element-ad2c685 elementor-widget elementor-widget-heading\" data-id=\"ad2c685\" data-element_type=\"widget\" data-widget_type=\"heading.default\">\n\t\t\t\t<div class=\"elementor-widget-container\">\n\t\t\t\t\t<h2 class=\"elementor-heading-title elementor-size-default\">kids race by<\/h2>\t\t\t\t<\/div>\n\t\t\t\t<\/div>\n\t\t\t\t<div class=\"elementor-element elementor-element-48578b7 elementor-widget elementor-widget-image\" data-id=\"48578b7\" data-element_type=\"widget\" data-widget_type=\"image.default\">\n\t\t\t\t<div class=\"elementor-widget-container\">\n\t\t\t\t\t\t\t\t\t\t\t\t\t\t\t<img fetchpriority=\"high\" decoding=\"async\" width=\"500\" height=\"441\" src=\"https:\/\/ultratraildinarides.com\/wp-content\/uploads\/2022\/03\/galeb.png\" class=\"attachment-large size-large wp-image-3044\" alt=\"\" srcset=\"https:\/\/ultratraildinarides.com\/wp-content\/uploads\/2022\/03\/galeb.png 500w, https:\/\/ultratraildinarides.com\/wp-content\/uploads\/2022\/03\/galeb-300x265.png 300w, https:\/\/ultratraildinarides.com\/wp-content\/uploads\/2022\/03\/galeb-14x12.png 14w\" sizes=\"(max-width: 500px) 100vw, 500px\" \/>\t\t\t\t\t\t\t\t\t\t\t\t\t\t\t<\/div>\n\t\t\t\t<\/div>\n\t\t\t\t\t<\/div>\n\t\t<\/div>\n\t\t\t\t<div class=\"elementor-column elementor-col-50 elementor-inner-column elementor-element elementor-element-f77a9a6\" data-id=\"f77a9a6\" data-element_type=\"column\">\n\t\t\t<div class=\"elementor-widget-wrap elementor-element-populated\">\n\t\t\t\t\t\t<div class=\"elementor-element elementor-element-4c89cf7 elementor-widget__width-initial elementor-widget-tablet__width-initial elementor-widget elementor-widget-text-editor\" data-id=\"4c89cf7\" data-element_type=\"widget\" data-widget_type=\"text-editor.default\">\n\t\t\t\t<div class=\"elementor-widget-container\">\n\t\t\t\t\t\t\t\t\t<p>UTD children's races for children under 12\u00a0 will take place <br \/>in Sinj on September 22, 2024. starting at 10:00 am.<\/p><p>Categories:<br \/>4 years and younger M\/F<br \/>5 and 6 years M\/F<br \/>7 and 8 years M\/F<br \/>9 and 10 years M\/F<br \/>11 and 12 years M\/F<\/p><p>There is no entry fee, but the number of competitors is limited. <br \/>All competitors will receive a T-shirt and a finisher's medal.<\/p><p><em>*The organizer reserves the right to combine categories in case of a small number of applications in one of the categories<\/em><\/p>\t\t\t\t\t\t\t\t<\/div>\n\t\t\t\t<\/div>\n\t\t\t\t\t<\/div>\n\t\t<\/div>\n\t\t\t\t\t<\/div>\n\t\t<\/section>\n\t\t\t\t<div class=\"elementor-element elementor-element-8629158 elementor-widget__width-initial elementor-widget elementor-widget-text-editor\" data-id=\"8629158\" data-element_type=\"widget\" data-widget_type=\"text-editor.default\">\n\t\t\t\t<div class=\"elementor-widget-container\">\n\t\t\t\t\t\t\t\t\t<p><br \/>There will be volunteers along the track and the track will be marked, but by registering for the race, parents confirm that children participate in the race at their own risk.<\/p>\t\t\t\t\t\t\t\t<\/div>\n\t\t\t\t<\/div>\n\t\t\t\t<div class=\"elementor-element elementor-element-ad9baec elementor-button-danger elementor-align-justify elementor-widget elementor-widget-button\" data-id=\"ad9baec\" data-element_type=\"widget\" data-widget_type=\"button.default\">\n\t\t\t\t<div class=\"elementor-widget-container\">\n\t\t\t\t\t\t\t\t\t<div class=\"elementor-button-wrapper\">\n\t\t\t\t\t<a class=\"elementor-button elementor-button-link elementor-size-sm\" href=\"https:\/\/www.stotinka.hr\/hrv\/utrka\/6158\">\n\t\t\t\t\t\t<span class=\"elementor-button-content-wrapper\">\n\t\t\t\t\t\t\t\t\t<span class=\"elementor-button-text\">APPLY<\/span>\n\t\t\t\t\t<\/span>\n\t\t\t\t\t<\/a>\n\t\t\t\t<\/div>\n\t\t\t\t\t\t\t\t<\/div>\n\t\t\t\t<\/div>\n\t\t\t\t\t<\/div>\n\t\t<\/div>\n\t\t\t\t\t<\/div>\n\t\t<\/section>\n\t\t\t\t<section data-particle_enable=\"false\" data-particle-mobile-disabled=\"false\" class=\"elementor-section elementor-top-section elementor-element elementor-element-b6535d9 elementor-section-boxed elementor-section-height-default elementor-section-height-default\" data-id=\"b6535d9\" data-element_type=\"section\">\n\t\t\t\t\t\t<div class=\"elementor-container elementor-column-gap-default\">\n\t\t\t\t\t<div class=\"elementor-column elementor-col-100 elementor-top-column elementor-element elementor-element-a112e02\" data-id=\"a112e02\" data-element_type=\"column\">\n\t\t\t<div class=\"elementor-widget-wrap\">\n\t\t\t\t\t\t\t<\/div>\n\t\t<\/div>\n\t\t\t\t\t<\/div>\n\t\t<\/section>\n\t\t\t\t<\/div>","protected":false},"excerpt":{"rendered":"<p>kids race by UTD dje\u010dje utrke za djecu do 12 godina\u00a0 odr\u017eati \u0107e se u Sinju 22.09.2024. sa startom u 10.00h sati. Kategorije:4 godine i mla\u0111i M\/\u017d5 i 6 godina M\/\u017d7 i 8 godina M\/\u017d9 i 10 godina M\/\u017d11 i 12 godina M\/\u017d Startnina se ne pla\u0107a, ali broj natjecatelja je ograni\u010den. Svi natjecatelji dobit [&hellip;]<\/p>","protected":false},"author":1,"featured_media":0,"parent":0,"menu_order":0,"comment_status":"closed","ping_status":"closed","template":"elementor_header_footer","meta":{"footnotes":""},"class_list":["post-5382","page","type-page","status-publish","hentry"],"yoast_head":"<!-- This site is optimized with the Yoast SEO plugin v24.3 - https:\/\/yoast.com\/wordpress\/plugins\/seo\/ -->\n<title>kids race - Ultra Trail Dinarides<\/title>\n<meta name=\"robots\" content=\"index, follow, max-snippet:-1, max-image-preview:large, max-video-preview:-1\" \/>\n<link rel=\"canonical\" href=\"https:\/\/ultratraildinarides.com\/en\/kids-race\/\" \/>\n<meta property=\"og:locale\" content=\"en_US\" \/>\n<meta property=\"og:type\" content=\"article\" \/>\n<meta property=\"og:title\" content=\"kids race - Ultra Trail Dinarides\" \/>\n<meta property=\"og:description\" content=\"kids race by UTD dje\u010dje utrke za djecu do 12 godina\u00a0 odr\u017eati \u0107e se u Sinju 22.09.2024. sa startom u 10.00h sati. Kategorije:4 godine i mla\u0111i M\/\u017d5 i 6 godina M\/\u017d7 i 8 godina M\/\u017d9 i 10 godina M\/\u017d11 i 12 godina M\/\u017d Startnina se ne pla\u0107a, ali broj natjecatelja je ograni\u010den. Svi natjecatelji dobit [&hellip;]\" \/>\n<meta property=\"og:url\" content=\"https:\/\/ultratraildinarides.com\/en\/kids-race\/\" \/>\n<meta property=\"og:site_name\" content=\"Ultra Trail Dinarides\" \/>\n<meta property=\"article:publisher\" content=\"https:\/\/www.facebook.com\/ultra.trail.dinarides\/\" \/>\n<meta property=\"article:modified_time\" content=\"2024-09-10T11:39:23+00:00\" \/>\n<meta property=\"og:image\" content=\"https:\/\/ultratraildinarides.com\/wp-content\/uploads\/2022\/03\/galeb.png\" \/>\n<meta name=\"twitter:card\" content=\"summary_large_image\" \/>\n<meta name=\"twitter:label1\" content=\"Est. reading time\" \/>\n\t<meta name=\"twitter:data1\" content=\"1 minute\" \/>\n<script type=\"application\/ld+json\" class=\"yoast-schema-graph\">{\"@context\":\"https:\/\/schema.org\",\"@graph\":[{\"@type\":\"WebPage\",\"@id\":\"https:\/\/ultratraildinarides.com\/kids-race\/\",\"url\":\"https:\/\/ultratraildinarides.com\/kids-race\/\",\"name\":\"kids race - Ultra Trail Dinarides\",\"isPartOf\":{\"@id\":\"https:\/\/ultratraildinarides.com\/hr\/#website\"},\"primaryImageOfPage\":{\"@id\":\"https:\/\/ultratraildinarides.com\/kids-race\/#primaryimage\"},\"image\":{\"@id\":\"https:\/\/ultratraildinarides.com\/kids-race\/#primaryimage\"},\"thumbnailUrl\":\"https:\/\/ultratraildinarides.com\/wp-content\/uploads\/2022\/03\/galeb.png\",\"datePublished\":\"2023-05-08T13:42:22+00:00\",\"dateModified\":\"2024-09-10T11:39:23+00:00\",\"breadcrumb\":{\"@id\":\"https:\/\/ultratraildinarides.com\/kids-race\/#breadcrumb\"},\"inLanguage\":\"en-US\",\"potentialAction\":[{\"@type\":\"ReadAction\",\"target\":[\"https:\/\/ultratraildinarides.com\/kids-race\/\"]}]},{\"@type\":\"ImageObject\",\"inLanguage\":\"en-US\",\"@id\":\"https:\/\/ultratraildinarides.com\/kids-race\/#primaryimage\",\"url\":\"https:\/\/ultratraildinarides.com\/wp-content\/uploads\/2022\/03\/galeb.png\",\"contentUrl\":\"https:\/\/ultratraildinarides.com\/wp-content\/uploads\/2022\/03\/galeb.png\"},{\"@type\":\"BreadcrumbList\",\"@id\":\"https:\/\/ultratraildinarides.com\/kids-race\/#breadcrumb\",\"itemListElement\":[{\"@type\":\"ListItem\",\"position\":1,\"name\":\"Home\",\"item\":\"https:\/\/ultratraildinarides.com\/\"},{\"@type\":\"ListItem\",\"position\":2,\"name\":\"kids race\"}]},{\"@type\":\"WebSite\",\"@id\":\"https:\/\/ultratraildinarides.com\/hr\/#website\",\"url\":\"https:\/\/ultratraildinarides.com\/hr\/\",\"name\":\"Ultra Trail Dinarides\",\"description\":\"\",\"publisher\":{\"@id\":\"https:\/\/ultratraildinarides.com\/hr\/#organization\"},\"potentialAction\":[{\"@type\":\"SearchAction\",\"target\":{\"@type\":\"EntryPoint\",\"urlTemplate\":\"https:\/\/ultratraildinarides.com\/hr\/?s={search_term_string}\"},\"query-input\":{\"@type\":\"PropertyValueSpecification\",\"valueRequired\":true,\"valueName\":\"search_term_string\"}}],\"inLanguage\":\"en-US\"},{\"@type\":\"Organization\",\"@id\":\"https:\/\/ultratraildinarides.com\/hr\/#organization\",\"name\":\"Ultra Trail Dinarides\",\"url\":\"https:\/\/ultratraildinarides.com\/hr\/\",\"logo\":{\"@type\":\"ImageObject\",\"inLanguage\":\"en-US\",\"@id\":\"https:\/\/ultratraildinarides.com\/hr\/#\/schema\/logo\/image\/\",\"url\":\"https:\/\/i0.wp.com\/ultratraildinarides.com\/wp-content\/uploads\/2021\/11\/UTD-subscribe-photo.png?fit=1291%2C489&ssl=1\",\"contentUrl\":\"https:\/\/i0.wp.com\/ultratraildinarides.com\/wp-content\/uploads\/2021\/11\/UTD-subscribe-photo.png?fit=1291%2C489&ssl=1\",\"width\":1291,\"height\":489,\"caption\":\"Ultra Trail Dinarides\"},\"image\":{\"@id\":\"https:\/\/ultratraildinarides.com\/hr\/#\/schema\/logo\/image\/\"},\"sameAs\":[\"https:\/\/www.facebook.com\/ultra.trail.dinarides\/\",\"https:\/\/www.instagram.com\/ultra_trail_dinarides\/?hl=en\"]}]}<\/script>\n<!-- \/ Yoast SEO plugin. -->","yoast_head_json":{"title":"kids race - Ultra Trail Dinarides","robots":{"index":"index","follow":"follow","max-snippet":"max-snippet:-1","max-image-preview":"max-image-preview:large","max-video-preview":"max-video-preview:-1"},"canonical":"https:\/\/ultratraildinarides.com\/en\/kids-race\/","og_locale":"en_US","og_type":"article","og_title":"kids race - Ultra Trail Dinarides","og_description":"kids race by UTD dje\u010dje utrke za djecu do 12 godina\u00a0 odr\u017eati \u0107e se u Sinju 22.09.2024. sa startom u 10.00h sati. Kategorije:4 godine i mla\u0111i M\/\u017d5 i 6 godina M\/\u017d7 i 8 godina M\/\u017d9 i 10 godina M\/\u017d11 i 12 godina M\/\u017d Startnina se ne pla\u0107a, ali broj natjecatelja je ograni\u010den. Svi natjecatelji dobit [&hellip;]","og_url":"https:\/\/ultratraildinarides.com\/en\/kids-race\/","og_site_name":"Ultra Trail Dinarides","article_publisher":"https:\/\/www.facebook.com\/ultra.trail.dinarides\/","article_modified_time":"2024-09-10T11:39:23+00:00","og_image":[{"url":"https:\/\/ultratraildinarides.com\/wp-content\/uploads\/2022\/03\/galeb.png","type":"","width":"","height":""}],"twitter_card":"summary_large_image","twitter_misc":{"Est. reading time":"1 minute"},"schema":{"@context":"https:\/\/schema.org","@graph":[{"@type":"WebPage","@id":"https:\/\/ultratraildinarides.com\/kids-race\/","url":"https:\/\/ultratraildinarides.com\/kids-race\/","name":"kids race - Ultra Trail Dinarides","isPartOf":{"@id":"https:\/\/ultratraildinarides.com\/hr\/#website"},"primaryImageOfPage":{"@id":"https:\/\/ultratraildinarides.com\/kids-race\/#primaryimage"},"image":{"@id":"https:\/\/ultratraildinarides.com\/kids-race\/#primaryimage"},"thumbnailUrl":"https:\/\/ultratraildinarides.com\/wp-content\/uploads\/2022\/03\/galeb.png","datePublished":"2023-05-08T13:42:22+00:00","dateModified":"2024-09-10T11:39:23+00:00","breadcrumb":{"@id":"https:\/\/ultratraildinarides.com\/kids-race\/#breadcrumb"},"inLanguage":"en-US","potentialAction":[{"@type":"ReadAction","target":["https:\/\/ultratraildinarides.com\/kids-race\/"]}]},{"@type":"ImageObject","inLanguage":"en-US","@id":"https:\/\/ultratraildinarides.com\/kids-race\/#primaryimage","url":"https:\/\/ultratraildinarides.com\/wp-content\/uploads\/2022\/03\/galeb.png","contentUrl":"https:\/\/ultratraildinarides.com\/wp-content\/uploads\/2022\/03\/galeb.png"},{"@type":"BreadcrumbList","@id":"https:\/\/ultratraildinarides.com\/kids-race\/#breadcrumb","itemListElement":[{"@type":"ListItem","position":1,"name":"Home","item":"https:\/\/ultratraildinarides.com\/"},{"@type":"ListItem","position":2,"name":"kids race"}]},{"@type":"WebSite","@id":"https:\/\/ultratraildinarides.com\/hr\/#website","url":"https:\/\/ultratraildinarides.com\/hr\/","name":"Ultra Trail Dinarides","description":"","publisher":{"@id":"https:\/\/ultratraildinarides.com\/hr\/#organization"},"potentialAction":[{"@type":"SearchAction","target":{"@type":"EntryPoint","urlTemplate":"https:\/\/ultratraildinarides.com\/hr\/?s={search_term_string}"},"query-input":{"@type":"PropertyValueSpecification","valueRequired":true,"valueName":"search_term_string"}}],"inLanguage":"en-US"},{"@type":"Organization","@id":"https:\/\/ultratraildinarides.com\/hr\/#organization","name":"Ultra Trail Dinarides","url":"https:\/\/ultratraildinarides.com\/hr\/","logo":{"@type":"ImageObject","inLanguage":"en-US","@id":"https:\/\/ultratraildinarides.com\/hr\/#\/schema\/logo\/image\/","url":"https:\/\/i0.wp.com\/ultratraildinarides.com\/wp-content\/uploads\/2021\/11\/UTD-subscribe-photo.png?fit=1291%2C489&ssl=1","contentUrl":"https:\/\/i0.wp.com\/ultratraildinarides.com\/wp-content\/uploads\/2021\/11\/UTD-subscribe-photo.png?fit=1291%2C489&ssl=1","width":1291,"height":489,"caption":"Ultra Trail Dinarides"},"image":{"@id":"https:\/\/ultratraildinarides.com\/hr\/#\/schema\/logo\/image\/"},"sameAs":["https:\/\/www.facebook.com\/ultra.trail.dinarides\/","https:\/\/www.instagram.com\/ultra_trail_dinarides\/?hl=en"]}]}},"_links":{"self":[{"href":"https:\/\/ultratraildinarides.com\/en\/wp-json\/wp\/v2\/pages\/5382","targetHints":{"allow":["GET"]}}],"collection":[{"href":"https:\/\/ultratraildinarides.com\/en\/wp-json\/wp\/v2\/pages"}],"about":[{"href":"https:\/\/ultratraildinarides.com\/en\/wp-json\/wp\/v2\/types\/page"}],"author":[{"embeddable":true,"href":"https:\/\/ultratraildinarides.com\/en\/wp-json\/wp\/v2\/users\/1"}],"replies":[{"embeddable":true,"href":"https:\/\/ultratraildinarides.com\/en\/wp-json\/wp\/v2\/comments?post=5382"}],"version-history":[{"count":43,"href":"https:\/\/ultratraildinarides.com\/en\/wp-json\/wp\/v2\/pages\/5382\/revisions"}],"predecessor-version":[{"id":9920,"href":"https:\/\/ultratraildinarides.com\/en\/wp-json\/wp\/v2\/pages\/5382\/revisions\/9920"}],"wp:attachment":[{"href":"https:\/\/ultratraildinarides.com\/en\/wp-json\/wp\/v2\/media?parent=5382"}],"curies":[{"name":"wp","href":"https:\/\/api.w.org\/{rel}","templated":true}]}}