{"id":4385,"date":"2023-01-12T17:35:55","date_gmt":"2023-01-12T17:35:55","guid":{"rendered":"https:\/\/ultratraildinarides.com\/?page_id=4385"},"modified":"2025-01-13T03:51:45","modified_gmt":"2025-01-13T01:51:45","slug":"dozivi-mjesto","status":"publish","type":"page","link":"https:\/\/ultratraildinarides.com\/en\/dozivi-mjesto\/","title":{"rendered":"UTD spots"},"content":{"rendered":"<div data-elementor-type=\"wp-page\" data-elementor-id=\"4385\" class=\"elementor elementor-4385\" data-elementor-post-type=\"page\">\n\t\t\t\t<div data-particle_enable=\"false\" data-particle-mobile-disabled=\"false\" class=\"elementor-element elementor-element-20b2c2e e-flex e-con-boxed e-con e-parent\" data-id=\"20b2c2e\" data-element_type=\"container\" data-settings=\"{&quot;background_background&quot;:&quot;classic&quot;}\">\n\t\t\t\t\t<div class=\"e-con-inner\">\n\t\t<div data-particle_enable=\"false\" data-particle-mobile-disabled=\"false\" class=\"elementor-element elementor-element-b55f923 e-con-full e-flex e-con e-child\" data-id=\"b55f923\" data-element_type=\"container\">\n\t\t\t\t<div class=\"elementor-element elementor-element-bd630e5 elementor-widget elementor-widget-spacer\" data-id=\"bd630e5\" data-element_type=\"widget\" data-widget_type=\"spacer.default\">\n\t\t\t\t<div class=\"elementor-widget-container\">\n\t\t\t\t\t\t\t<div class=\"elementor-spacer\">\n\t\t\t<div class=\"elementor-spacer-inner\"><\/div>\n\t\t<\/div>\n\t\t\t\t\t\t<\/div>\n\t\t\t\t<\/div>\n\t\t\t\t<div class=\"elementor-element elementor-element-f665a9f elementor-widget elementor-widget-text-editor\" data-id=\"f665a9f\" data-element_type=\"widget\" data-widget_type=\"text-editor.default\">\n\t\t\t\t<div class=\"elementor-widget-container\">\n\t\t\t\t\t\t\t\t\t<p>Finish line<\/p>\t\t\t\t\t\t\t\t<\/div>\n\t\t\t\t<\/div>\n\t\t\t\t<div class=\"elementor-element elementor-element-485f160 elementor-widget elementor-widget-heading\" data-id=\"485f160\" data-element_type=\"widget\" data-widget_type=\"heading.default\">\n\t\t\t\t<div class=\"elementor-widget-container\">\n\t\t\t\t\t<h2 class=\"elementor-heading-title elementor-size-default\">Trg Kralja Tomislava 4, 21230, Sinj<\/h2>\t\t\t\t<\/div>\n\t\t\t\t<\/div>\n\t\t\t\t<div class=\"elementor-element elementor-element-d6b41ad elementor-widget elementor-widget-google_maps\" data-id=\"d6b41ad\" data-element_type=\"widget\" data-widget_type=\"google_maps.default\">\n\t\t\t\t<div class=\"elementor-widget-container\">\n\t\t\t\t\t\t\t<div class=\"elementor-custom-embed\">\n\t\t\t<iframe loading=\"lazy\"\n\t\t\t\t\tdata-src=\"https:\/\/maps.google.com\/maps?q=43.701359%2C16.636997&#038;t=m&#038;z=18&#038;output=embed&#038;iwloc=near\"\n\t\t\t\t\ttitle=\"43.701359,16.636997\"\n\t\t\t\t\taria-label=\"43.701359,16.636997\"\n\t\t\t src=\"data:image\/gif;base64,R0lGODlhAQABAAAAACH5BAEKAAEALAAAAAABAAEAAAICTAEAOw==\" class=\"lazyload\" data-load-mode=\"1\"><\/iframe>\n\t\t<\/div>\n\t\t\t\t\t\t<\/div>\n\t\t\t\t<\/div>\n\t\t\t\t<div class=\"elementor-element elementor-element-14b68b1 elementor-widget-divider--view-line elementor-widget elementor-widget-divider\" data-id=\"14b68b1\" data-element_type=\"widget\" data-widget_type=\"divider.default\">\n\t\t\t\t<div class=\"elementor-widget-container\">\n\t\t\t\t\t\t\t<div class=\"elementor-divider\">\n\t\t\t<span class=\"elementor-divider-separator\">\n\t\t\t\t\t\t<\/span>\n\t\t<\/div>\n\t\t\t\t\t\t<\/div>\n\t\t\t\t<\/div>\n\t\t\t\t<div class=\"elementor-element elementor-element-7e75237 elementor-widget elementor-widget-text-editor\" data-id=\"7e75237\" data-element_type=\"widget\" data-widget_type=\"text-editor.default\">\n\t\t\t\t<div class=\"elementor-widget-container\">\n\t\t\t\t\t\t\t\t\t<p>Registration<\/p>\t\t\t\t\t\t\t\t<\/div>\n\t\t\t\t<\/div>\n\t\t\t\t<div class=\"elementor-element elementor-element-09b2a6c elementor-widget elementor-widget-heading\" data-id=\"09b2a6c\" data-element_type=\"widget\" data-widget_type=\"heading.default\">\n\t\t\t\t<div class=\"elementor-widget-container\">\n\t\t\t\t\t<h2 class=\"elementor-heading-title elementor-size-default\">Museum of Cetinska krajina (Sinja)\n<\/h2>\t\t\t\t<\/div>\n\t\t\t\t<\/div>\n\t\t\t\t<div class=\"elementor-element elementor-element-f540950 elementor-widget elementor-widget-heading\" data-id=\"f540950\" data-element_type=\"widget\" data-widget_type=\"heading.default\">\n\t\t\t\t<div class=\"elementor-widget-container\">\n\t\t\t\t\t<h2 class=\"elementor-heading-title elementor-size-default\">Tel: 021 821 949<\/h2>\t\t\t\t<\/div>\n\t\t\t\t<\/div>\n\t\t\t\t<div class=\"elementor-element elementor-element-db1dee4 elementor-widget elementor-widget-google_maps\" data-id=\"db1dee4\" data-element_type=\"widget\" data-widget_type=\"google_maps.default\">\n\t\t\t\t<div class=\"elementor-widget-container\">\n\t\t\t\t\t\t\t<div class=\"elementor-custom-embed\">\n\t\t\t<iframe loading=\"lazy\"\n\t\t\t\t\tdata-src=\"https:\/\/maps.google.com\/maps?q=Ul.%20Andrije%20Ka%C4%8Di%C4%87a%20Mio%C5%A1i%C4%87a%205%2C%2021230%2C%20Sinj&#038;t=m&#038;z=18&#038;output=embed&#038;iwloc=near\"\n\t\t\t\t\ttitle=\"Ul. Andrije Ka\u010di\u0107a Mio\u0161i\u0107a 5, 21230, Sinj\"\n\t\t\t\t\taria-label=\"Ul. Andrije Ka\u010di\u0107a Mio\u0161i\u0107a 5, 21230, Sinj\"\n\t\t\t src=\"data:image\/gif;base64,R0lGODlhAQABAAAAACH5BAEKAAEALAAAAAABAAEAAAICTAEAOw==\" class=\"lazyload\" data-load-mode=\"1\"><\/iframe>\n\t\t<\/div>\n\t\t\t\t\t\t<\/div>\n\t\t\t\t<\/div>\n\t\t\t\t<div class=\"elementor-element elementor-element-fe820da elementor-widget-divider--view-line elementor-widget elementor-widget-divider\" data-id=\"fe820da\" data-element_type=\"widget\" data-widget_type=\"divider.default\">\n\t\t\t\t<div class=\"elementor-widget-container\">\n\t\t\t\t\t\t\t<div class=\"elementor-divider\">\n\t\t\t<span class=\"elementor-divider-separator\">\n\t\t\t\t\t\t<\/span>\n\t\t<\/div>\n\t\t\t\t\t\t<\/div>\n\t\t\t\t<\/div>\n\t\t\t\t<div class=\"elementor-element elementor-element-354617d elementor-widget elementor-widget-text-editor\" data-id=\"354617d\" data-element_type=\"widget\" data-widget_type=\"text-editor.default\">\n\t\t\t\t<div class=\"elementor-widget-container\">\n\t\t\t\t\t\t\t\t\t<p>Restaurant<\/p>\t\t\t\t\t\t\t\t<\/div>\n\t\t\t\t<\/div>\n\t\t\t\t<div class=\"elementor-element elementor-element-594b010 elementor-widget elementor-widget-heading\" data-id=\"594b010\" data-element_type=\"widget\" data-widget_type=\"heading.default\">\n\t\t\t\t<div class=\"elementor-widget-container\">\n\t\t\t\t\t<h2 class=\"elementor-heading-title elementor-size-default\">Pizzeria &amp; Restaurant Zorica\n<\/h2>\t\t\t\t<\/div>\n\t\t\t\t<\/div>\n\t\t\t\t<div class=\"elementor-element elementor-element-dd64896 elementor-widget elementor-widget-heading\" data-id=\"dd64896\" data-element_type=\"widget\" data-widget_type=\"heading.default\">\n\t\t\t\t<div class=\"elementor-widget-container\">\n\t\t\t\t\t<h2 class=\"elementor-heading-title elementor-size-default\">021 824 624\n\n<\/h2>\t\t\t\t<\/div>\n\t\t\t\t<\/div>\n\t\t\t\t<div class=\"elementor-element elementor-element-6c6805d elementor-widget elementor-widget-google_maps\" data-id=\"6c6805d\" data-element_type=\"widget\" data-widget_type=\"google_maps.default\">\n\t\t\t\t<div class=\"elementor-widget-container\">\n\t\t\t\t\t\t\t<div class=\"elementor-custom-embed\">\n\t\t\t<iframe loading=\"lazy\"\n\t\t\t\t\tdata-src=\"https:\/\/maps.google.com\/maps?q=%20Pizzeria%20Restoran%20Zorica%2C%20Brna%C5%A1ka%20ul.%2038%2C%2021230%2C%20Sinj&#038;t=m&#038;z=18&#038;output=embed&#038;iwloc=near\"\n\t\t\t\t\ttitle=\" Pizzeria Restoran Zorica, Brna\u0161ka ul. 38, 21230, Sinj\"\n\t\t\t\t\taria-label=\" Pizzeria Restoran Zorica, Brna\u0161ka ul. 38, 21230, Sinj\"\n\t\t\t src=\"data:image\/gif;base64,R0lGODlhAQABAAAAACH5BAEKAAEALAAAAAABAAEAAAICTAEAOw==\" class=\"lazyload\" data-load-mode=\"1\"><\/iframe>\n\t\t<\/div>\n\t\t\t\t\t\t<\/div>\n\t\t\t\t<\/div>\n\t\t\t\t<div class=\"elementor-element elementor-element-0644796 elementor-widget-divider--view-line elementor-widget elementor-widget-divider\" data-id=\"0644796\" data-element_type=\"widget\" data-widget_type=\"divider.default\">\n\t\t\t\t<div class=\"elementor-widget-container\">\n\t\t\t\t\t\t\t<div class=\"elementor-divider\">\n\t\t\t<span class=\"elementor-divider-separator\">\n\t\t\t\t\t\t<\/span>\n\t\t<\/div>\n\t\t\t\t\t\t<\/div>\n\t\t\t\t<\/div>\n\t\t\t\t<div class=\"elementor-element elementor-element-749d4e3 elementor-widget elementor-widget-text-editor\" data-id=\"749d4e3\" data-element_type=\"widget\" data-widget_type=\"text-editor.default\">\n\t\t\t\t<div class=\"elementor-widget-container\">\n\t\t\t\t\t\t\t\t\t<p>Shower point<\/p>\t\t\t\t\t\t\t\t<\/div>\n\t\t\t\t<\/div>\n\t\t\t\t<div class=\"elementor-element elementor-element-a0fe05a elementor-widget elementor-widget-heading\" data-id=\"a0fe05a\" data-element_type=\"widget\" data-widget_type=\"heading.default\">\n\t\t\t\t<div class=\"elementor-widget-container\">\n\t\t\t\t\t<h2 class=\"elementor-heading-title elementor-size-default\">Swimming water polo club Sinj\n<\/h2>\t\t\t\t<\/div>\n\t\t\t\t<\/div>\n\t\t\t\t<div class=\"elementor-element elementor-element-57674d0 elementor-widget elementor-widget-google_maps\" data-id=\"57674d0\" data-element_type=\"widget\" data-widget_type=\"google_maps.default\">\n\t\t\t\t<div class=\"elementor-widget-container\">\n\t\t\t\t\t\t\t<div class=\"elementor-custom-embed\">\n\t\t\t<iframe loading=\"lazy\"\n\t\t\t\t\tdata-src=\"https:\/\/maps.google.com\/maps?q=Ul.%20Antuna%20Konstantina%20Matasa%207%2C%2021230%2C%20Sinj&#038;t=m&#038;z=18&#038;output=embed&#038;iwloc=near\"\n\t\t\t\t\ttitle=\"Ul. Antuna Konstantina Matasa 7, 21230, Sinj\"\n\t\t\t\t\taria-label=\"Ul. Antuna Konstantina Matasa 7, 21230, Sinj\"\n\t\t\t src=\"data:image\/gif;base64,R0lGODlhAQABAAAAACH5BAEKAAEALAAAAAABAAEAAAICTAEAOw==\" class=\"lazyload\" data-load-mode=\"1\"><\/iframe>\n\t\t<\/div>\n\t\t\t\t\t\t<\/div>\n\t\t\t\t<\/div>\n\t\t\t\t<\/div>\n\t\t\t\t\t<\/div>\n\t\t\t\t<\/div>\n\t\t\t\t<\/div>","protected":false},"excerpt":{"rendered":"<p>Cilj Trg Kralja Tomislava 4, 21230, Sinj Registracije Muzej Cetinske krajine Tel: 021 821 949 Restoran Pizzeria Restoran Zorica 021 824 624 Tu\u0161evi Pliva\u010dki vaterpolo klub Sinj<\/p>","protected":false},"author":1,"featured_media":0,"parent":0,"menu_order":0,"comment_status":"closed","ping_status":"closed","template":"elementor_header_footer","meta":{"footnotes":""},"class_list":["post-4385","page","type-page","status-publish","hentry"],"yoast_head":"<!-- This site is optimized with the Yoast SEO plugin v24.3 - https:\/\/yoast.com\/wordpress\/plugins\/seo\/ -->\n<title>UTD mjesta - Ultra Trail Dinarides<\/title>\n<meta name=\"robots\" content=\"index, follow, max-snippet:-1, max-image-preview:large, max-video-preview:-1\" \/>\n<link rel=\"canonical\" href=\"https:\/\/ultratraildinarides.com\/en\/dozivi-mjesto\/\" \/>\n<meta property=\"og:locale\" content=\"en_US\" \/>\n<meta property=\"og:type\" content=\"article\" \/>\n<meta property=\"og:title\" content=\"UTD mjesta - Ultra Trail Dinarides\" \/>\n<meta property=\"og:description\" content=\"Cilj Trg Kralja Tomislava 4, 21230, Sinj Registracije Muzej Cetinske krajine Tel: 021 821 949 Restoran Pizzeria Restoran Zorica 021 824 624 Tu\u0161evi Pliva\u010dki vaterpolo klub Sinj\" \/>\n<meta property=\"og:url\" content=\"https:\/\/ultratraildinarides.com\/en\/dozivi-mjesto\/\" \/>\n<meta property=\"og:site_name\" content=\"Ultra Trail Dinarides\" \/>\n<meta property=\"article:publisher\" content=\"https:\/\/www.facebook.com\/ultra.trail.dinarides\/\" \/>\n<meta property=\"article:modified_time\" content=\"2025-01-13T01:51:45+00:00\" \/>\n<meta name=\"twitter:card\" content=\"summary_large_image\" \/>\n<meta name=\"twitter:label1\" content=\"Est. reading time\" \/>\n\t<meta name=\"twitter:data1\" content=\"1 minute\" \/>\n<script type=\"application\/ld+json\" class=\"yoast-schema-graph\">{\"@context\":\"https:\/\/schema.org\",\"@graph\":[{\"@type\":\"WebPage\",\"@id\":\"https:\/\/ultratraildinarides.com\/dozivi-mjesto\/\",\"url\":\"https:\/\/ultratraildinarides.com\/dozivi-mjesto\/\",\"name\":\"UTD mjesta - Ultra Trail Dinarides\",\"isPartOf\":{\"@id\":\"https:\/\/ultratraildinarides.com\/hr\/#website\"},\"datePublished\":\"2023-01-12T17:35:55+00:00\",\"dateModified\":\"2025-01-13T01:51:45+00:00\",\"breadcrumb\":{\"@id\":\"https:\/\/ultratraildinarides.com\/dozivi-mjesto\/#breadcrumb\"},\"inLanguage\":\"en-US\",\"potentialAction\":[{\"@type\":\"ReadAction\",\"target\":[\"https:\/\/ultratraildinarides.com\/dozivi-mjesto\/\"]}]},{\"@type\":\"BreadcrumbList\",\"@id\":\"https:\/\/ultratraildinarides.com\/dozivi-mjesto\/#breadcrumb\",\"itemListElement\":[{\"@type\":\"ListItem\",\"position\":1,\"name\":\"Home\",\"item\":\"https:\/\/ultratraildinarides.com\/\"},{\"@type\":\"ListItem\",\"position\":2,\"name\":\"UTD mjesta\"}]},{\"@type\":\"WebSite\",\"@id\":\"https:\/\/ultratraildinarides.com\/hr\/#website\",\"url\":\"https:\/\/ultratraildinarides.com\/hr\/\",\"name\":\"Ultra Trail Dinarides\",\"description\":\"\",\"publisher\":{\"@id\":\"https:\/\/ultratraildinarides.com\/hr\/#organization\"},\"potentialAction\":[{\"@type\":\"SearchAction\",\"target\":{\"@type\":\"EntryPoint\",\"urlTemplate\":\"https:\/\/ultratraildinarides.com\/hr\/?s={search_term_string}\"},\"query-input\":{\"@type\":\"PropertyValueSpecification\",\"valueRequired\":true,\"valueName\":\"search_term_string\"}}],\"inLanguage\":\"en-US\"},{\"@type\":\"Organization\",\"@id\":\"https:\/\/ultratraildinarides.com\/hr\/#organization\",\"name\":\"Ultra Trail Dinarides\",\"url\":\"https:\/\/ultratraildinarides.com\/hr\/\",\"logo\":{\"@type\":\"ImageObject\",\"inLanguage\":\"en-US\",\"@id\":\"https:\/\/ultratraildinarides.com\/hr\/#\/schema\/logo\/image\/\",\"url\":\"https:\/\/i0.wp.com\/ultratraildinarides.com\/wp-content\/uploads\/2021\/11\/UTD-subscribe-photo.png?fit=1291%2C489&ssl=1\",\"contentUrl\":\"https:\/\/i0.wp.com\/ultratraildinarides.com\/wp-content\/uploads\/2021\/11\/UTD-subscribe-photo.png?fit=1291%2C489&ssl=1\",\"width\":1291,\"height\":489,\"caption\":\"Ultra Trail Dinarides\"},\"image\":{\"@id\":\"https:\/\/ultratraildinarides.com\/hr\/#\/schema\/logo\/image\/\"},\"sameAs\":[\"https:\/\/www.facebook.com\/ultra.trail.dinarides\/\",\"https:\/\/www.instagram.com\/ultra_trail_dinarides\/?hl=en\"]}]}<\/script>\n<!-- \/ Yoast SEO plugin. -->","yoast_head_json":{"title":"UTD mjesta - Ultra Trail Dinarides","robots":{"index":"index","follow":"follow","max-snippet":"max-snippet:-1","max-image-preview":"max-image-preview:large","max-video-preview":"max-video-preview:-1"},"canonical":"https:\/\/ultratraildinarides.com\/en\/dozivi-mjesto\/","og_locale":"en_US","og_type":"article","og_title":"UTD mjesta - Ultra Trail Dinarides","og_description":"Cilj Trg Kralja Tomislava 4, 21230, Sinj Registracije Muzej Cetinske krajine Tel: 021 821 949 Restoran Pizzeria Restoran Zorica 021 824 624 Tu\u0161evi Pliva\u010dki vaterpolo klub Sinj","og_url":"https:\/\/ultratraildinarides.com\/en\/dozivi-mjesto\/","og_site_name":"Ultra Trail Dinarides","article_publisher":"https:\/\/www.facebook.com\/ultra.trail.dinarides\/","article_modified_time":"2025-01-13T01:51:45+00:00","twitter_card":"summary_large_image","twitter_misc":{"Est. reading time":"1 minute"},"schema":{"@context":"https:\/\/schema.org","@graph":[{"@type":"WebPage","@id":"https:\/\/ultratraildinarides.com\/dozivi-mjesto\/","url":"https:\/\/ultratraildinarides.com\/dozivi-mjesto\/","name":"UTD mjesta - Ultra Trail Dinarides","isPartOf":{"@id":"https:\/\/ultratraildinarides.com\/hr\/#website"},"datePublished":"2023-01-12T17:35:55+00:00","dateModified":"2025-01-13T01:51:45+00:00","breadcrumb":{"@id":"https:\/\/ultratraildinarides.com\/dozivi-mjesto\/#breadcrumb"},"inLanguage":"en-US","potentialAction":[{"@type":"ReadAction","target":["https:\/\/ultratraildinarides.com\/dozivi-mjesto\/"]}]},{"@type":"BreadcrumbList","@id":"https:\/\/ultratraildinarides.com\/dozivi-mjesto\/#breadcrumb","itemListElement":[{"@type":"ListItem","position":1,"name":"Home","item":"https:\/\/ultratraildinarides.com\/"},{"@type":"ListItem","position":2,"name":"UTD mjesta"}]},{"@type":"WebSite","@id":"https:\/\/ultratraildinarides.com\/hr\/#website","url":"https:\/\/ultratraildinarides.com\/hr\/","name":"Ultra Trail Dinarides","description":"","publisher":{"@id":"https:\/\/ultratraildinarides.com\/hr\/#organization"},"potentialAction":[{"@type":"SearchAction","target":{"@type":"EntryPoint","urlTemplate":"https:\/\/ultratraildinarides.com\/hr\/?s={search_term_string}"},"query-input":{"@type":"PropertyValueSpecification","valueRequired":true,"valueName":"search_term_string"}}],"inLanguage":"en-US"},{"@type":"Organization","@id":"https:\/\/ultratraildinarides.com\/hr\/#organization","name":"Ultra Trail Dinarides","url":"https:\/\/ultratraildinarides.com\/hr\/","logo":{"@type":"ImageObject","inLanguage":"en-US","@id":"https:\/\/ultratraildinarides.com\/hr\/#\/schema\/logo\/image\/","url":"https:\/\/i0.wp.com\/ultratraildinarides.com\/wp-content\/uploads\/2021\/11\/UTD-subscribe-photo.png?fit=1291%2C489&ssl=1","contentUrl":"https:\/\/i0.wp.com\/ultratraildinarides.com\/wp-content\/uploads\/2021\/11\/UTD-subscribe-photo.png?fit=1291%2C489&ssl=1","width":1291,"height":489,"caption":"Ultra Trail Dinarides"},"image":{"@id":"https:\/\/ultratraildinarides.com\/hr\/#\/schema\/logo\/image\/"},"sameAs":["https:\/\/www.facebook.com\/ultra.trail.dinarides\/","https:\/\/www.instagram.com\/ultra_trail_dinarides\/?hl=en"]}]}},"_links":{"self":[{"href":"https:\/\/ultratraildinarides.com\/en\/wp-json\/wp\/v2\/pages\/4385","targetHints":{"allow":["GET"]}}],"collection":[{"href":"https:\/\/ultratraildinarides.com\/en\/wp-json\/wp\/v2\/pages"}],"about":[{"href":"https:\/\/ultratraildinarides.com\/en\/wp-json\/wp\/v2\/types\/page"}],"author":[{"embeddable":true,"href":"https:\/\/ultratraildinarides.com\/en\/wp-json\/wp\/v2\/users\/1"}],"replies":[{"embeddable":true,"href":"https:\/\/ultratraildinarides.com\/en\/wp-json\/wp\/v2\/comments?post=4385"}],"version-history":[{"count":53,"href":"https:\/\/ultratraildinarides.com\/en\/wp-json\/wp\/v2\/pages\/4385\/revisions"}],"predecessor-version":[{"id":10626,"href":"https:\/\/ultratraildinarides.com\/en\/wp-json\/wp\/v2\/pages\/4385\/revisions\/10626"}],"wp:attachment":[{"href":"https:\/\/ultratraildinarides.com\/en\/wp-json\/wp\/v2\/media?parent=4385"}],"curies":[{"name":"wp","href":"https:\/\/api.w.org\/{rel}","templated":true}]}}