{"id":1426,"date":"2021-09-01T11:16:29","date_gmt":"2021-09-01T11:16:29","guid":{"rendered":"https:\/\/ultratraildinarides.com\/?page_id=1426"},"modified":"2021-11-05T10:08:23","modified_gmt":"2021-11-05T10:08:23","slug":"etnicka-povelja","status":"publish","type":"page","link":"https:\/\/ultratraildinarides.com\/en\/info\/etnicka-povelja\/","title":{"rendered":"DISCLAIMER"},"content":{"rendered":"<div data-elementor-type=\"wp-page\" data-elementor-id=\"1426\" class=\"elementor elementor-1426\" data-elementor-post-type=\"page\">\n\t\t\t\t\t\t<section data-particle_enable=\"false\" data-particle-mobile-disabled=\"false\" class=\"elementor-section elementor-top-section elementor-element elementor-element-7c6d9a8 elementor-section-boxed elementor-section-height-default elementor-section-height-default\" data-id=\"7c6d9a8\" data-element_type=\"section\" data-settings=\"{&quot;background_background&quot;:&quot;classic&quot;,&quot;shape_divider_bottom&quot;:&quot;pyramids&quot;,&quot;shape_divider_bottom_negative&quot;:&quot;yes&quot;}\">\n\t\t\t\t\t\t\t<div class=\"elementor-background-overlay\"><\/div>\n\t\t\t\t\t\t<div class=\"elementor-shape elementor-shape-bottom\" data-negative=\"true\">\n\t\t\t<svg xmlns=\"http:\/\/www.w3.org\/2000\/svg\" viewbox=\"0 0 1000 100\" preserveaspectratio=\"none\">\n\t<path class=\"elementor-shape-fill\" d=\"M761.9,40.6L643.1,24L333.9,93.8L0.1,1H0v99h1000V1\"\/>\n<\/svg>\t\t<\/div>\n\t\t\t\t\t<div class=\"elementor-container elementor-column-gap-default\">\n\t\t\t\t\t<div class=\"elementor-column elementor-col-100 elementor-top-column elementor-element elementor-element-1c37cc2\" data-id=\"1c37cc2\" data-element_type=\"column\">\n\t\t\t<div class=\"elementor-widget-wrap elementor-element-populated\">\n\t\t\t\t\t\t<div class=\"elementor-element elementor-element-d607296 elementor-widget elementor-widget-spacer\" data-id=\"d607296\" data-element_type=\"widget\" data-widget_type=\"spacer.default\">\n\t\t\t\t<div class=\"elementor-widget-container\">\n\t\t\t\t\t\t\t<div class=\"elementor-spacer\">\n\t\t\t<div class=\"elementor-spacer-inner\"><\/div>\n\t\t<\/div>\n\t\t\t\t\t\t<\/div>\n\t\t\t\t<\/div>\n\t\t\t\t<div class=\"elementor-element elementor-element-ff200e0 elementor-widget elementor-widget-heading\" data-id=\"ff200e0\" data-element_type=\"widget\" data-widget_type=\"heading.default\">\n\t\t\t\t<div class=\"elementor-widget-container\">\n\t\t\t\t\t<h2 class=\"elementor-heading-title elementor-size-default\">DISCLAMER<\/h2>\t\t\t\t<\/div>\n\t\t\t\t<\/div>\n\t\t\t\t<div class=\"elementor-element elementor-element-80008b9 elementor-widget elementor-widget-text-editor\" data-id=\"80008b9\" data-element_type=\"widget\" data-widget_type=\"text-editor.default\">\n\t\t\t\t<div class=\"elementor-widget-container\">\n\t\t\t\t\t\t\t\t\t<p>As a contestant on the Ultra Trail Dinarides race I hereby declare that:<\/p><ol><li>I am fully aware of the rules of racing Ultra Trail Dinarides.<\/li><li>I am aware that in terms of competitors I am an actice participant in traffic and must comply with traffic<br \/>regulations. Enrolment to Ultra Trail Dinarides race does not relieve me of any damages or criminal<br \/>proceedings that would follow against me in the case of non-compliance with traffic laws\nand other regulations.<br \/>In proceedings against third parties, I will not include the Organizer.<\/li><li>I am healthy and health insured, and I feel capable of performing at the event.<\/li><li>I am familiar with the fact that due to the length and unpredictability route possible events could happen that could adversely<br \/>affect my health (injury, illness) and\/or equipment (damage\/destruction).<\/li><li>I am familiar with the fact during the race, events can occur that may adversely<br \/>affect my final result (eg, stop by the judge, the persons at the checkpoints,<br \/>preventing the passage of the landowner, etc.). I accept these events or combination<br \/>of as an integral part of the race, and for the\nsame, I will not blame the organizers of the race.<\/li><li>in the case referred to in items 4 and 5 I will not raise a civil or criminal case against the\norganizers<br \/>.<\/li><li>in a case of accident, injury or fraud I will offer help to the needy and fulfill the instructions of the<br \/>organizers.<\/li><li>I will choose a sensible way to complete the race route tracks and I'll avoid dangerous parts.<br \/>During the event, I will not run through farmlands, house yards,<br \/>and I will compete in the\nappropriate footwear and clothing.<\/li><li>during the race, I will allow organizers to capture and use photos and video footage.<\/li><li>all my data in the aplication and communication are accurate and truthful.<\/li><li>I will compete at my own risk.<\/li><\/ol>\t\t\t\t\t\t\t\t<\/div>\n\t\t\t\t<\/div>\n\t\t\t\t<section data-particle_enable=\"false\" data-particle-mobile-disabled=\"false\" class=\"elementor-section elementor-inner-section elementor-element elementor-element-3c05912 elementor-section-boxed elementor-section-height-default elementor-section-height-default\" data-id=\"3c05912\" data-element_type=\"section\">\n\t\t\t\t\t\t<div class=\"elementor-container elementor-column-gap-default\">\n\t\t\t\t\t<div class=\"elementor-column elementor-col-50 elementor-inner-column elementor-element elementor-element-3286912\" data-id=\"3286912\" data-element_type=\"column\">\n\t\t\t<div class=\"elementor-widget-wrap\">\n\t\t\t\t\t\t\t<\/div>\n\t\t<\/div>\n\t\t\t\t<div class=\"elementor-column elementor-col-50 elementor-inner-column elementor-element elementor-element-df0415a\" data-id=\"df0415a\" data-element_type=\"column\">\n\t\t\t<div class=\"elementor-widget-wrap elementor-element-populated\">\n\t\t\t\t\t\t<div class=\"elementor-element elementor-element-7c5599d elementor-button-success elementor-align-right elementor-widget elementor-widget-button\" data-id=\"7c5599d\" data-element_type=\"widget\" data-widget_type=\"button.default\">\n\t\t\t\t<div class=\"elementor-widget-container\">\n\t\t\t\t\t\t\t\t\t<div class=\"elementor-button-wrapper\">\n\t\t\t\t\t<a class=\"elementor-button elementor-button-link elementor-size-md\" href=\"http:\/\/ultratraildinarides.com\/IZJAVA.pdf\" target=\"_blank\">\n\t\t\t\t\t\t<span class=\"elementor-button-content-wrapper\">\n\t\t\t\t\t\t\t\t\t<span class=\"elementor-button-text\">Download document<\/span>\n\t\t\t\t\t<\/span>\n\t\t\t\t\t<\/a>\n\t\t\t\t<\/div>\n\t\t\t\t\t\t\t\t<\/div>\n\t\t\t\t<\/div>\n\t\t\t\t\t<\/div>\n\t\t<\/div>\n\t\t\t\t\t<\/div>\n\t\t<\/section>\n\t\t\t\t<div class=\"elementor-element elementor-element-c552330 elementor-widget elementor-widget-spacer\" data-id=\"c552330\" data-element_type=\"widget\" data-widget_type=\"spacer.default\">\n\t\t\t\t<div class=\"elementor-widget-container\">\n\t\t\t\t\t\t\t<div class=\"elementor-spacer\">\n\t\t\t<div class=\"elementor-spacer-inner\"><\/div>\n\t\t<\/div>\n\t\t\t\t\t\t<\/div>\n\t\t\t\t<\/div>\n\t\t\t\t<div class=\"elementor-element elementor-element-a37efbc elementor-widget elementor-widget-spacer\" data-id=\"a37efbc\" data-element_type=\"widget\" data-widget_type=\"spacer.default\">\n\t\t\t\t<div class=\"elementor-widget-container\">\n\t\t\t\t\t\t\t<div class=\"elementor-spacer\">\n\t\t\t<div class=\"elementor-spacer-inner\"><\/div>\n\t\t<\/div>\n\t\t\t\t\t\t<\/div>\n\t\t\t\t<\/div>\n\t\t\t\t\t<\/div>\n\t\t<\/div>\n\t\t\t\t\t<\/div>\n\t\t<\/section>\n\t\t\t\t<\/div>","protected":false},"excerpt":{"rendered":"<p>IZJAVA 0 ODRICANJU ODGOVORNOSTI Kao natjecatelj na utrci Ultra Trail Dinarides izjavljujem da: sam u cijelosti upoznat sa pravilima utrke Ultra Trail Dinarides. sam svjestan da sam u smislu natjecatelja aktivni sudionik u prometu i du\u017ean po\u0161tovati prometnepropise. Prijava na utrku Ultra Trail Dinarides me ne osloba\u0111a eventualnih kaznenih ili od\u0161tetnihpostupaka koji bi uslijedili protiv [&hellip;]<\/p>","protected":false},"author":1,"featured_media":0,"parent":359,"menu_order":5,"comment_status":"closed","ping_status":"closed","template":"elementor_header_footer","meta":{"footnotes":""},"class_list":["post-1426","page","type-page","status-publish","hentry"],"yoast_head":"<!-- This site is optimized with the Yoast SEO plugin v24.3 - https:\/\/yoast.com\/wordpress\/plugins\/seo\/ -->\n<title>Izjava o odgovornosti - Ultra Trail Dinarides<\/title>\n<meta name=\"robots\" content=\"index, follow, max-snippet:-1, max-image-preview:large, max-video-preview:-1\" \/>\n<link rel=\"canonical\" href=\"https:\/\/ultratraildinarides.com\/en\/info__trashed\/etnicka-povelja\/\" \/>\n<meta property=\"og:locale\" content=\"en_US\" \/>\n<meta property=\"og:type\" content=\"article\" \/>\n<meta property=\"og:title\" content=\"Izjava o odgovornosti - Ultra Trail Dinarides\" \/>\n<meta property=\"og:description\" content=\"IZJAVA 0 ODRICANJU ODGOVORNOSTI Kao natjecatelj na utrci Ultra Trail Dinarides izjavljujem da: sam u cijelosti upoznat sa pravilima utrke Ultra Trail Dinarides. sam svjestan da sam u smislu natjecatelja aktivni sudionik u prometu i du\u017ean po\u0161tovati prometnepropise. Prijava na utrku Ultra Trail Dinarides me ne osloba\u0111a eventualnih kaznenih ili od\u0161tetnihpostupaka koji bi uslijedili protiv [&hellip;]\" \/>\n<meta property=\"og:url\" content=\"https:\/\/ultratraildinarides.com\/en\/info__trashed\/etnicka-povelja\/\" \/>\n<meta property=\"og:site_name\" content=\"Ultra Trail Dinarides\" \/>\n<meta property=\"article:publisher\" content=\"https:\/\/www.facebook.com\/ultra.trail.dinarides\/\" \/>\n<meta property=\"article:modified_time\" content=\"2021-11-05T10:08:23+00:00\" \/>\n<meta name=\"twitter:card\" content=\"summary_large_image\" \/>\n<meta name=\"twitter:label1\" content=\"Est. reading time\" \/>\n\t<meta name=\"twitter:data1\" content=\"2 minutes\" \/>\n<script type=\"application\/ld+json\" class=\"yoast-schema-graph\">{\"@context\":\"https:\/\/schema.org\",\"@graph\":[{\"@type\":\"WebPage\",\"@id\":\"https:\/\/ultratraildinarides.com\/info__trashed\/etnicka-povelja\/\",\"url\":\"https:\/\/ultratraildinarides.com\/info__trashed\/etnicka-povelja\/\",\"name\":\"Izjava o odgovornosti - Ultra Trail Dinarides\",\"isPartOf\":{\"@id\":\"https:\/\/ultratraildinarides.com\/hr\/#website\"},\"datePublished\":\"2021-09-01T11:16:29+00:00\",\"dateModified\":\"2021-11-05T10:08:23+00:00\",\"breadcrumb\":{\"@id\":\"https:\/\/ultratraildinarides.com\/info__trashed\/etnicka-povelja\/#breadcrumb\"},\"inLanguage\":\"en-US\",\"potentialAction\":[{\"@type\":\"ReadAction\",\"target\":[\"https:\/\/ultratraildinarides.com\/info__trashed\/etnicka-povelja\/\"]}]},{\"@type\":\"BreadcrumbList\",\"@id\":\"https:\/\/ultratraildinarides.com\/info__trashed\/etnicka-povelja\/#breadcrumb\",\"itemListElement\":[{\"@type\":\"ListItem\",\"position\":1,\"name\":\"Home\",\"item\":\"https:\/\/ultratraildinarides.com\/\"},{\"@type\":\"ListItem\",\"position\":2,\"name\":\"Info\",\"item\":\"https:\/\/ultratraildinarides.com\/?page_id=359\"},{\"@type\":\"ListItem\",\"position\":3,\"name\":\"Izjava o odgovornosti\"}]},{\"@type\":\"WebSite\",\"@id\":\"https:\/\/ultratraildinarides.com\/hr\/#website\",\"url\":\"https:\/\/ultratraildinarides.com\/hr\/\",\"name\":\"Ultra Trail Dinarides\",\"description\":\"\",\"publisher\":{\"@id\":\"https:\/\/ultratraildinarides.com\/hr\/#organization\"},\"potentialAction\":[{\"@type\":\"SearchAction\",\"target\":{\"@type\":\"EntryPoint\",\"urlTemplate\":\"https:\/\/ultratraildinarides.com\/hr\/?s={search_term_string}\"},\"query-input\":{\"@type\":\"PropertyValueSpecification\",\"valueRequired\":true,\"valueName\":\"search_term_string\"}}],\"inLanguage\":\"en-US\"},{\"@type\":\"Organization\",\"@id\":\"https:\/\/ultratraildinarides.com\/hr\/#organization\",\"name\":\"Ultra Trail Dinarides\",\"url\":\"https:\/\/ultratraildinarides.com\/hr\/\",\"logo\":{\"@type\":\"ImageObject\",\"inLanguage\":\"en-US\",\"@id\":\"https:\/\/ultratraildinarides.com\/hr\/#\/schema\/logo\/image\/\",\"url\":\"https:\/\/i0.wp.com\/ultratraildinarides.com\/wp-content\/uploads\/2021\/11\/UTD-subscribe-photo.png?fit=1291%2C489&ssl=1\",\"contentUrl\":\"https:\/\/i0.wp.com\/ultratraildinarides.com\/wp-content\/uploads\/2021\/11\/UTD-subscribe-photo.png?fit=1291%2C489&ssl=1\",\"width\":1291,\"height\":489,\"caption\":\"Ultra Trail Dinarides\"},\"image\":{\"@id\":\"https:\/\/ultratraildinarides.com\/hr\/#\/schema\/logo\/image\/\"},\"sameAs\":[\"https:\/\/www.facebook.com\/ultra.trail.dinarides\/\",\"https:\/\/www.instagram.com\/ultra_trail_dinarides\/?hl=en\"]}]}<\/script>\n<!-- \/ Yoast SEO plugin. -->","yoast_head_json":{"title":"Izjava o odgovornosti - Ultra Trail Dinarides","robots":{"index":"index","follow":"follow","max-snippet":"max-snippet:-1","max-image-preview":"max-image-preview:large","max-video-preview":"max-video-preview:-1"},"canonical":"https:\/\/ultratraildinarides.com\/en\/info__trashed\/etnicka-povelja\/","og_locale":"en_US","og_type":"article","og_title":"Izjava o odgovornosti - Ultra Trail Dinarides","og_description":"IZJAVA 0 ODRICANJU ODGOVORNOSTI Kao natjecatelj na utrci Ultra Trail Dinarides izjavljujem da: sam u cijelosti upoznat sa pravilima utrke Ultra Trail Dinarides. sam svjestan da sam u smislu natjecatelja aktivni sudionik u prometu i du\u017ean po\u0161tovati prometnepropise. Prijava na utrku Ultra Trail Dinarides me ne osloba\u0111a eventualnih kaznenih ili od\u0161tetnihpostupaka koji bi uslijedili protiv [&hellip;]","og_url":"https:\/\/ultratraildinarides.com\/en\/info__trashed\/etnicka-povelja\/","og_site_name":"Ultra Trail Dinarides","article_publisher":"https:\/\/www.facebook.com\/ultra.trail.dinarides\/","article_modified_time":"2021-11-05T10:08:23+00:00","twitter_card":"summary_large_image","twitter_misc":{"Est. reading time":"2 minutes"},"schema":{"@context":"https:\/\/schema.org","@graph":[{"@type":"WebPage","@id":"https:\/\/ultratraildinarides.com\/info__trashed\/etnicka-povelja\/","url":"https:\/\/ultratraildinarides.com\/info__trashed\/etnicka-povelja\/","name":"Izjava o odgovornosti - Ultra Trail Dinarides","isPartOf":{"@id":"https:\/\/ultratraildinarides.com\/hr\/#website"},"datePublished":"2021-09-01T11:16:29+00:00","dateModified":"2021-11-05T10:08:23+00:00","breadcrumb":{"@id":"https:\/\/ultratraildinarides.com\/info__trashed\/etnicka-povelja\/#breadcrumb"},"inLanguage":"en-US","potentialAction":[{"@type":"ReadAction","target":["https:\/\/ultratraildinarides.com\/info__trashed\/etnicka-povelja\/"]}]},{"@type":"BreadcrumbList","@id":"https:\/\/ultratraildinarides.com\/info__trashed\/etnicka-povelja\/#breadcrumb","itemListElement":[{"@type":"ListItem","position":1,"name":"Home","item":"https:\/\/ultratraildinarides.com\/"},{"@type":"ListItem","position":2,"name":"Info","item":"https:\/\/ultratraildinarides.com\/?page_id=359"},{"@type":"ListItem","position":3,"name":"Izjava o odgovornosti"}]},{"@type":"WebSite","@id":"https:\/\/ultratraildinarides.com\/hr\/#website","url":"https:\/\/ultratraildinarides.com\/hr\/","name":"Ultra Trail Dinarides","description":"","publisher":{"@id":"https:\/\/ultratraildinarides.com\/hr\/#organization"},"potentialAction":[{"@type":"SearchAction","target":{"@type":"EntryPoint","urlTemplate":"https:\/\/ultratraildinarides.com\/hr\/?s={search_term_string}"},"query-input":{"@type":"PropertyValueSpecification","valueRequired":true,"valueName":"search_term_string"}}],"inLanguage":"en-US"},{"@type":"Organization","@id":"https:\/\/ultratraildinarides.com\/hr\/#organization","name":"Ultra Trail Dinarides","url":"https:\/\/ultratraildinarides.com\/hr\/","logo":{"@type":"ImageObject","inLanguage":"en-US","@id":"https:\/\/ultratraildinarides.com\/hr\/#\/schema\/logo\/image\/","url":"https:\/\/i0.wp.com\/ultratraildinarides.com\/wp-content\/uploads\/2021\/11\/UTD-subscribe-photo.png?fit=1291%2C489&ssl=1","contentUrl":"https:\/\/i0.wp.com\/ultratraildinarides.com\/wp-content\/uploads\/2021\/11\/UTD-subscribe-photo.png?fit=1291%2C489&ssl=1","width":1291,"height":489,"caption":"Ultra Trail Dinarides"},"image":{"@id":"https:\/\/ultratraildinarides.com\/hr\/#\/schema\/logo\/image\/"},"sameAs":["https:\/\/www.facebook.com\/ultra.trail.dinarides\/","https:\/\/www.instagram.com\/ultra_trail_dinarides\/?hl=en"]}]}},"_links":{"self":[{"href":"https:\/\/ultratraildinarides.com\/en\/wp-json\/wp\/v2\/pages\/1426","targetHints":{"allow":["GET"]}}],"collection":[{"href":"https:\/\/ultratraildinarides.com\/en\/wp-json\/wp\/v2\/pages"}],"about":[{"href":"https:\/\/ultratraildinarides.com\/en\/wp-json\/wp\/v2\/types\/page"}],"author":[{"embeddable":true,"href":"https:\/\/ultratraildinarides.com\/en\/wp-json\/wp\/v2\/users\/1"}],"replies":[{"embeddable":true,"href":"https:\/\/ultratraildinarides.com\/en\/wp-json\/wp\/v2\/comments?post=1426"}],"version-history":[{"count":162,"href":"https:\/\/ultratraildinarides.com\/en\/wp-json\/wp\/v2\/pages\/1426\/revisions"}],"predecessor-version":[{"id":2153,"href":"https:\/\/ultratraildinarides.com\/en\/wp-json\/wp\/v2\/pages\/1426\/revisions\/2153"}],"up":[{"embeddable":true,"href":"https:\/\/ultratraildinarides.com\/en\/wp-json\/wp\/v2\/pages\/359"}],"wp:attachment":[{"href":"https:\/\/ultratraildinarides.com\/en\/wp-json\/wp\/v2\/media?parent=1426"}],"curies":[{"name":"wp","href":"https:\/\/api.w.org\/{rel}","templated":true}]}}